{"id":821,"date":"2021-08-06T11:34:15","date_gmt":"2021-08-06T11:34:15","guid":{"rendered":"https:\/\/site.juntatavarede.pt\/?page_id=821"},"modified":"2021-08-14T00:27:31","modified_gmt":"2021-08-14T00:27:31","slug":"turismo","status":"publish","type":"page","link":"https:\/\/site.juntatavarede.pt\/?page_id=821","title":{"rendered":"Patrim\u00f3nio Cultural"},"content":{"rendered":"\t\t<div data-elementor-type=\"wp-page\" data-elementor-id=\"821\" class=\"elementor elementor-821\" data-elementor-settings=\"[]\">\n\t\t\t\t\t\t\t<div class=\"elementor-section-wrap\">\n\t\t\t\t\t\t\t<section class=\"elementor-section elementor-top-section elementor-element elementor-element-731311ab elementor-section-content-middle elementor-section-boxed elementor-section-height-default elementor-section-height-default\" data-id=\"731311ab\" data-element_type=\"section\">\n\t\t\t\t\t\t<div class=\"elementor-container elementor-column-gap-no\">\n\t\t\t\t\t<div class=\"elementor-column elementor-col-100 elementor-top-column elementor-element elementor-element-18a81165\" data-id=\"18a81165\" data-element_type=\"column\">\n\t\t\t<div class=\"elementor-widget-wrap elementor-element-populated\">\n\t\t\t\t\t\t\t\t<div class=\"elementor-element elementor-element-3ab00cfd elementor-widget elementor-widget-heading\" data-id=\"3ab00cfd\" data-element_type=\"widget\" data-widget_type=\"heading.default\">\n\t\t\t\t<div class=\"elementor-widget-container\">\n\t\t\t<h6 class=\"elementor-heading-title elementor-size-small\">Patrim\u00f3nio Cultural<\/h6>\t\t<\/div>\n\t\t\t\t<\/div>\n\t\t\t\t\t<\/div>\n\t\t<\/div>\n\t\t\t\t\t\t\t<\/div>\n\t\t<\/section>\n\t\t\t\t<section class=\"elementor-section elementor-top-section elementor-element elementor-element-3e02640 elementor-section-boxed elementor-section-height-default elementor-section-height-default\" data-id=\"3e02640\" data-element_type=\"section\">\n\t\t\t\t\t\t<div class=\"elementor-container elementor-column-gap-default\">\n\t\t\t\t\t<div class=\"elementor-column elementor-col-100 elementor-top-column elementor-element elementor-element-d8ecee6\" data-id=\"d8ecee6\" data-element_type=\"column\">\n\t\t\t<div class=\"elementor-widget-wrap elementor-element-populated\">\n\t\t\t\t\t\t\t\t<div class=\"elementor-element elementor-element-02b935c elementor-vertical-align-middle elementor-position-top elementor-widget elementor-widget-image-box\" data-id=\"02b935c\" data-element_type=\"widget\" data-widget_type=\"image-box.default\">\n\t\t\t\t<div class=\"elementor-widget-container\">\n\t\t\t<div class=\"elementor-image-box-wrapper\"><figure class=\"elementor-image-box-img\"><img loading=\"lazy\" decoding=\"async\" width=\"1707\" height=\"2560\" src=\"https:\/\/site.juntatavarede.pt\/wp-content\/uploads\/2021\/07\/Paco-scaled.jpg\" class=\"attachment-full size-full\" alt=\"\" \/><\/figure><div class=\"elementor-image-box-content\"><h3 class=\"elementor-image-box-title\"><br><br><br><br><br><br><br><br><br><br><br><br><br>Pa\u00e7o de Tavarede <\/h3><p class=\"elementor-image-box-description\">O Pa\u00e7o de Tavarede \u00e9 o ex-libris da Freguesia. Mandado edificar no s\u00e9culo XVI por Ant\u00f3nio Fernandes de Quadros, 1\u00ba Morgado de Tavarede, um fidalgo de ascend\u00eancia espanhola que prestou servi\u00e7os distintos \u00e0 coroa portuguesa, nomeadamente como Adail de Azamor, a quem foi confirmado por Carta de Cotta D'Armas o braz\u00e3o que, ainda hoje, a frontaria do velho Pa\u00e7o ostenta. Ao longo dos anos, o edif\u00edcio foi alvo de importantes altera\u00e7\u00f5es \u00e0 sua arquitectura inicial. Em finais do s\u00e9culo XVIII foi refundida a fachada norte e durante o s\u00e9culo XIX as obras de restauro, em falso Manuelino, alteraram quase por completo a sua tra\u00e7a original, de que ficou apenas a fachada setentrional, a passagem para o p\u00e1tio interior, a porta principal e uma janela Manuelina que se encontra \u00e0 guarda do Museu Municipal.  J\u00e1 no S\u00e9c. XX, o Pa\u00e7o de Tavarede passou de m\u00e3o para m\u00e3o at\u00e9 que foi adquirido pela C\u00e2mara Municipal da Figueira da Foz em 1981. Foi classificado como im\u00f3vel de interesse p\u00fablico pelo Decreto 28\/82 de 26 de fevereiro. Ap\u00f3s um longo per\u00edodo de lenta agonia que o levou \u00e0 ru\u00edna, deu-se in\u00edcio \u00e0 sua reconstru\u00e7\u00e3o, a qual s\u00f3 ficou conclu\u00edda em princ\u00edpios de 2006. Ali funcionam os servi\u00e7os da DASE e Divis\u00e3o da Juventude e Desporto da C\u00e2mara Municipal da Figueira da Foz e desde 17 de novembro de 2006, tamb\u00e9m ali se encontra a funcionar a \u201cLoja Ponto J\u00e1\u201d do Concelho da Figueira. Est\u00e3o previstas, para breve, neste local, outras val\u00eancias ligadas \u00e0 juventude. <br><br><br><br><\/p><\/div><\/div>\t\t<\/div>\n\t\t\t\t<\/div>\n\t\t\t\t<div class=\"elementor-element elementor-element-c5931bc elementor-widget-divider--view-line elementor-widget elementor-widget-divider\" data-id=\"c5931bc\" data-element_type=\"widget\" data-widget_type=\"divider.default\">\n\t\t\t\t<div class=\"elementor-widget-container\">\n\t\t\t\t\t<div class=\"elementor-divider\">\n\t\t\t<span class=\"elementor-divider-separator\">\n\t\t\t\t\t\t<\/span>\n\t\t<\/div>\n\t\t\t\t<\/div>\n\t\t\t\t<\/div>\n\t\t\t\t<div class=\"elementor-element elementor-element-2c60602 elementor-position-right elementor-vertical-align-middle elementor-widget elementor-widget-image-box\" data-id=\"2c60602\" data-element_type=\"widget\" data-widget_type=\"image-box.default\">\n\t\t\t\t<div class=\"elementor-widget-container\">\n\t\t\t<div class=\"elementor-image-box-wrapper\"><figure class=\"elementor-image-box-img\"><img loading=\"lazy\" decoding=\"async\" width=\"300\" height=\"378\" src=\"https:\/\/site.juntatavarede.pt\/wp-content\/uploads\/2021\/08\/Igreja-paroquial-de-tavarede.jpg\" class=\"attachment-full size-full\" alt=\"\" \/><\/figure><div class=\"elementor-image-box-content\"><h3 class=\"elementor-image-box-title\"><br><br><br><br><br><br><br><br><br><br><br><br><br><br><br><br><br><br><br><br><br><br><br><br><br><br><br><br><br>Igreja Paroquial de Tavarede<\/h3><p class=\"elementor-image-box-description\">A actual Igreja Paroquial de S. Martinho de Tavarede j\u00e1 existia no s\u00e9c. XI, sendo poss\u00edvel que fosse muito anterior (o santo bispo turonense \u00e9 das mais remotas devo\u00e7\u00f5es hisp\u00e2nicas) e tivesse sido destru\u00edda pelos mouros e despovoado o seu aro, j\u00e1 que o foi a sua vizinha de S. Juli\u00e3o da Foz do Mondego. A Igreja de S. Martinho deve ter sido do conde D. Sisnando, pois \u00e0 morte dele passou para a posse de sua filha D. Elvira. Por outro lado, n\u00e3o se fala da sua funda\u00e7\u00e3o, o que leva a supor, por certo, que era j\u00e1 antiga, mas fora pres\u00faria ou apropria\u00e7\u00e3o sisnandina, pois s\u00f3 assim se explica t\u00ea-la D. Elvira como sua \u201cigreja pr\u00f3pria\u201d, sem a ter fundado ela ou o pai. \tEm 1565 chegou a Tavarede o pintor Diogo Botelho, a fim de pintar o ret\u00e1bulo da igreja de S. Martinho, e no ano de 1600 esta igreja foi tratada por artistas de Coimbra para salvaguardar a decad\u00eancia da sua capela-mor. No interior, existe uma pia de \u00e1gua benta datada do ano 1600.<br><br><\/p><\/div><\/div>\t\t<\/div>\n\t\t\t\t<\/div>\n\t\t\t\t<div class=\"elementor-element elementor-element-412f13d elementor-widget-divider--view-line elementor-widget elementor-widget-divider\" data-id=\"412f13d\" data-element_type=\"widget\" data-widget_type=\"divider.default\">\n\t\t\t\t<div class=\"elementor-widget-container\">\n\t\t\t\t\t<div class=\"elementor-divider\">\n\t\t\t<span class=\"elementor-divider-separator\">\n\t\t\t\t\t\t<\/span>\n\t\t<\/div>\n\t\t\t\t<\/div>\n\t\t\t\t<\/div>\n\t\t\t\t\t<\/div>\n\t\t<\/div>\n\t\t\t\t\t\t\t<\/div>\n\t\t<\/section>\n\t\t\t\t<section class=\"elementor-section elementor-top-section elementor-element elementor-element-8ba7b8b elementor-section-boxed elementor-section-height-default elementor-section-height-default\" data-id=\"8ba7b8b\" data-element_type=\"section\">\n\t\t\t\t\t\t<div class=\"elementor-container elementor-column-gap-default\">\n\t\t\t\t\t<div class=\"elementor-column elementor-col-100 elementor-top-column elementor-element elementor-element-7422f29\" data-id=\"7422f29\" data-element_type=\"column\">\n\t\t\t<div class=\"elementor-widget-wrap elementor-element-populated\">\n\t\t\t\t\t\t\t\t<div class=\"elementor-element elementor-element-d72496d elementor-position-left elementor-vertical-align-top elementor-widget elementor-widget-image-box\" data-id=\"d72496d\" data-element_type=\"widget\" data-widget_type=\"image-box.default\">\n\t\t\t\t<div class=\"elementor-widget-container\">\n\t\t\t<div class=\"elementor-image-box-wrapper\"><figure class=\"elementor-image-box-img\"><img loading=\"lazy\" decoding=\"async\" width=\"903\" height=\"1080\" src=\"https:\/\/site.juntatavarede.pt\/wp-content\/uploads\/2021\/08\/Capela-de-Santo-Aleixo.jpg\" class=\"attachment-full size-full\" alt=\"\" \/><\/figure><div class=\"elementor-image-box-content\"><h3 class=\"elementor-image-box-title\"><br><br><br><br><br><br><br><br><br><br><br><br><br><br><br><br><br><br><br><br><br><br><br><br><br><br>Capela de Santo Aleixo<\/h3><p class=\"elementor-image-box-description\">A cerca de 50 metros da Igreja situa-se a Capela de Santo Aleixo funciona como Sal\u00e3o Paroquial e Sala para Catequese de Crian\u00e7as. Na placa topon\u00edmica do Largo de Santo Aleixo pode ler-se que \u201cA primitiva ermida local erecta pelo povo era sede duma irmandade que mantinha um hospital para agasalhar os peregrinos e pobres, SEC. XVI\u201d.<\/p><\/div><\/div>\t\t<\/div>\n\t\t\t\t<\/div>\n\t\t\t\t<div class=\"elementor-element elementor-element-6621d6a elementor-widget-divider--view-line elementor-widget elementor-widget-divider\" data-id=\"6621d6a\" data-element_type=\"widget\" data-widget_type=\"divider.default\">\n\t\t\t\t<div class=\"elementor-widget-container\">\n\t\t\t\t\t<div class=\"elementor-divider\">\n\t\t\t<span class=\"elementor-divider-separator\">\n\t\t\t\t\t\t<\/span>\n\t\t<\/div>\n\t\t\t\t<\/div>\n\t\t\t\t<\/div>\n\t\t\t\t<div class=\"elementor-element elementor-element-585cacf elementor-vertical-align-middle elementor-position-top elementor-widget elementor-widget-image-box\" data-id=\"585cacf\" data-element_type=\"widget\" data-widget_type=\"image-box.default\">\n\t\t\t\t<div class=\"elementor-widget-container\">\n\t\t\t<div class=\"elementor-image-box-wrapper\"><figure class=\"elementor-image-box-img\"><img loading=\"lazy\" decoding=\"async\" width=\"1024\" height=\"683\" src=\"https:\/\/site.juntatavarede.pt\/wp-content\/uploads\/2021\/08\/Fonte-de-Tavarede.jpg\" class=\"attachment-full size-full\" alt=\"\" \/><\/figure><div class=\"elementor-image-box-content\"><h3 class=\"elementor-image-box-title\"><br><br><br><br><br><br><br><br><br><br><br><br><br><br>Fonte de Tavarede<\/h3><p class=\"elementor-image-box-description\">Desce-se por uma rampa em degraus, com verdura e flores a lade\u00e1-la. Ao fundo, um bonito alpendre alberga a linfa sussurrante. Depois, \u00e9 beber, mesmo sem sede. A Fonte de Tavarede \u00e9 a menina dos olhos dos habitantes da povoa\u00e7\u00e3o, a qual tem a fama de possuir a melhor \u00e1gua do concelho da Figueira. Edificada em 1876, foi depois alvo de diversas altera\u00e7\u00f5es, a \u00faltima das quais em 1993. Ladeada por dois pain\u00e9is de azulejos, onde \u00e9 elogiada a qualidade da \u00e1gua e a beleza da localidade, em duas quadras da autoria do poeta Cardoso Martha, a Fonte \u00e9 encimada por um outro painel, representando o baptismo de Jesus Cristo. Numa das paredes laterais, tamb\u00e9m em azulejaria, s\u00e3o homenageados \"Aqueles que da morte se libertaram honrando e dignificando Tavarede\" Podemos ler os nomes de Mestre Jos\u00e9 da Silva Ribeiro, Violinda Medina e Silva, Jo\u00e3o da Silva Casc\u00e3o, Ant\u00f3nio Jorge Silva e Jos\u00e9 Nunes Medina, os quais constituem o Quadro de Honra da Freguesia.<br><\/p><\/div><\/div>\t\t<\/div>\n\t\t\t\t<\/div>\n\t\t\t\t<div class=\"elementor-element elementor-element-c041327 elementor-widget elementor-widget-spacer\" data-id=\"c041327\" data-element_type=\"widget\" data-widget_type=\"spacer.default\">\n\t\t\t\t<div class=\"elementor-widget-container\">\n\t\t\t\t\t<div class=\"elementor-spacer\">\n\t\t\t<div class=\"elementor-spacer-inner\"><\/div>\n\t\t<\/div>\n\t\t\t\t<\/div>\n\t\t\t\t<\/div>\n\t\t\t\t\t<\/div>\n\t\t<\/div>\n\t\t\t\t\t\t\t<\/div>\n\t\t<\/section>\n\t\t\t\t<section class=\"elementor-section elementor-top-section elementor-element elementor-element-4d67b7df elementor-section-stretched elementor-section-boxed elementor-section-height-default elementor-section-height-default\" data-id=\"4d67b7df\" data-element_type=\"section\" data-settings=\"{&quot;background_background&quot;:&quot;classic&quot;,&quot;stretch_section&quot;:&quot;section-stretched&quot;,&quot;background_motion_fx_motion_fx_scrolling&quot;:&quot;yes&quot;,&quot;background_motion_fx_scale_effect&quot;:&quot;yes&quot;,&quot;background_motion_fx_scale_direction&quot;:&quot;out-in&quot;,&quot;background_motion_fx_scale_speed&quot;:{&quot;unit&quot;:&quot;px&quot;,&quot;size&quot;:4,&quot;sizes&quot;:[]},&quot;background_motion_fx_scale_range&quot;:{&quot;unit&quot;:&quot;%&quot;,&quot;size&quot;:&quot;&quot;,&quot;sizes&quot;:{&quot;start&quot;:20,&quot;end&quot;:80}},&quot;background_motion_fx_devices&quot;:[&quot;desktop&quot;,&quot;tablet&quot;,&quot;mobile&quot;]}\">\n\t\t\t\t\t\t<div class=\"elementor-container elementor-column-gap-no\">\n\t\t\t\t\t<div class=\"elementor-column elementor-col-100 elementor-top-column elementor-element elementor-element-23557b67\" data-id=\"23557b67\" data-element_type=\"column\">\n\t\t\t<div class=\"elementor-widget-wrap elementor-element-populated\">\n\t\t\t\t\t\t\t\t<div class=\"elementor-element elementor-element-6933267 elementor-widget elementor-widget-heading\" data-id=\"6933267\" data-element_type=\"widget\" data-widget_type=\"heading.default\">\n\t\t\t\t<div class=\"elementor-widget-container\">\n\t\t\t<h1 class=\"elementor-heading-title elementor-size-default\">Onde estamos<\/h1>\t\t<\/div>\n\t\t\t\t<\/div>\n\t\t\t\t<div class=\"elementor-element elementor-element-4c5c1185 elementor-widget elementor-widget-google_maps\" data-id=\"4c5c1185\" data-element_type=\"widget\" data-widget_type=\"google_maps.default\">\n\t\t\t\t<div class=\"elementor-widget-container\">\n\t\t\t\t\t<div class=\"elementor-custom-embed\">\n\t\t\t<iframe frameborder=\"0\" scrolling=\"no\" marginheight=\"0\" marginwidth=\"0\"\n\t\t\t\t\tsrc=\"https:\/\/maps.google.com\/maps?q=%20Junta%20de%20Freguesia%20de%20Tavarede%20Rua%20Jos%C3%A9%20Nunes%20Medina%2C22%20Tavarede%203080-846%20Figueira%20da%20Foz&#038;t=m&#038;z=18&#038;output=embed&#038;iwloc=near\"\n\t\t\t\t\ttitle=\" Junta de Freguesia de Tavarede Rua Jos\u00e9 Nunes Medina,22 Tavarede 3080-846 Figueira da Foz\"\n\t\t\t\t\taria-label=\" Junta de Freguesia de Tavarede Rua Jos\u00e9 Nunes Medina,22 Tavarede 3080-846 Figueira da Foz\"\n\t\t\t><\/iframe>\n\t\t<\/div>\n\t\t\t\t<\/div>\n\t\t\t\t<\/div>\n\t\t\t\t<section class=\"elementor-section elementor-inner-section elementor-element elementor-element-6389031a elementor-section-content-middle elementor-section-boxed elementor-section-height-default elementor-section-height-default\" data-id=\"6389031a\" data-element_type=\"section\">\n\t\t\t\t\t\t<div class=\"elementor-container elementor-column-gap-no\">\n\t\t\t\t\t<div class=\"elementor-column elementor-col-33 elementor-inner-column elementor-element elementor-element-525f9d76\" data-id=\"525f9d76\" data-element_type=\"column\">\n\t\t\t<div class=\"elementor-widget-wrap elementor-element-populated\">\n\t\t\t\t\t\t\t\t<div class=\"elementor-element elementor-element-5519236f elementor-widget elementor-widget-heading\" data-id=\"5519236f\" data-element_type=\"widget\" data-widget_type=\"heading.default\">\n\t\t\t\t<div class=\"elementor-widget-container\">\n\t\t\t<h6 class=\"elementor-heading-title elementor-size-default\">Localiza\u00e7\u00e3o<\/h6>\t\t<\/div>\n\t\t\t\t<\/div>\n\t\t\t\t<div class=\"elementor-element elementor-element-27924952 elementor-widget elementor-widget-text-editor\" data-id=\"27924952\" data-element_type=\"widget\" data-widget_type=\"text-editor.default\">\n\t\t\t\t<div class=\"elementor-widget-container\">\n\t\t\t\t\t\t\t<p><span style=\"color: #ccffff;\">Rua Jos\u00e9 Nunes Medina,22<\/span><\/p><p><span style=\"color: #ccffff;\">Tavarede<\/span><\/p><p><span style=\"color: #ccffff;\">3080-846 Figueira da Foz<\/span><\/p>\t\t\t\t\t\t<\/div>\n\t\t\t\t<\/div>\n\t\t\t\t\t<\/div>\n\t\t<\/div>\n\t\t\t\t<div class=\"elementor-column elementor-col-33 elementor-inner-column elementor-element elementor-element-21c00206\" data-id=\"21c00206\" data-element_type=\"column\">\n\t\t\t<div class=\"elementor-widget-wrap elementor-element-populated\">\n\t\t\t\t\t\t\t\t<div class=\"elementor-element elementor-element-49f2cf03 elementor-widget elementor-widget-heading\" data-id=\"49f2cf03\" data-element_type=\"widget\" data-widget_type=\"heading.default\">\n\t\t\t\t<div class=\"elementor-widget-container\">\n\t\t\t<h6 class=\"elementor-heading-title elementor-size-default\">Hor\u00e1rio<\/h6>\t\t<\/div>\n\t\t\t\t<\/div>\n\t\t\t\t<div class=\"elementor-element elementor-element-14c4f2d1 elementor-widget elementor-widget-text-editor\" data-id=\"14c4f2d1\" data-element_type=\"widget\" data-widget_type=\"text-editor.default\">\n\t\t\t\t<div class=\"elementor-widget-container\">\n\t\t\t\t\t\t\t<p><span style=\"color: #ccffff;\">Segunda a Sexta<\/span><\/p><p><span style=\"color: #ccffff;\">9H00 &#8211; 12h30 <\/span><\/p><p><span style=\"color: #ccffff;\">14H00 &#8211; 17H30<\/span><\/p>\t\t\t\t\t\t<\/div>\n\t\t\t\t<\/div>\n\t\t\t\t\t<\/div>\n\t\t<\/div>\n\t\t\t\t<div class=\"elementor-column elementor-col-33 elementor-inner-column elementor-element elementor-element-7e01e693\" data-id=\"7e01e693\" data-element_type=\"column\">\n\t\t\t<div class=\"elementor-widget-wrap elementor-element-populated\">\n\t\t\t\t\t\t\t\t<div class=\"elementor-element elementor-element-19edc890 elementor-widget elementor-widget-heading\" data-id=\"19edc890\" data-element_type=\"widget\" data-widget_type=\"heading.default\">\n\t\t\t\t<div class=\"elementor-widget-container\">\n\t\t\t<h6 class=\"elementor-heading-title elementor-size-default\">Contactos<\/h6>\t\t<\/div>\n\t\t\t\t<\/div>\n\t\t\t\t<div class=\"elementor-element elementor-element-2500a13b elementor-widget elementor-widget-text-editor\" data-id=\"2500a13b\" data-element_type=\"widget\" data-widget_type=\"text-editor.default\">\n\t\t\t\t<div class=\"elementor-widget-container\">\n\t\t\t\t\t\t\t<p><span style=\"color: #ccffff;\">Tel: 233 401 400<\/span><br><span style=\"color: #ccffff;\">Fax: 233&nbsp;401&nbsp;402<\/span><br><span style=\"color: #ccffff;\">Email: <a style=\"color: #ccffff;\" href=\"mailto:geral@juntatavarede.pt\">geral@juntatavarede.pt<\/a><\/span><\/p>\t\t\t\t\t\t<\/div>\n\t\t\t\t<\/div>\n\t\t\t\t\t<\/div>\n\t\t<\/div>\n\t\t\t\t\t\t\t<\/div>\n\t\t<\/section>\n\t\t\t\t<div class=\"elementor-element elementor-element-4fd5358e elementor-shape-rounded elementor-grid-0 e-grid-align-center elementor-widget elementor-widget-social-icons\" data-id=\"4fd5358e\" data-element_type=\"widget\" data-widget_type=\"social-icons.default\">\n\t\t\t\t<div class=\"elementor-widget-container\">\n\t\t\t\t\t<div class=\"elementor-social-icons-wrapper elementor-grid\">\n\t\t\t\t\t\t\t<span class=\"elementor-grid-item\">\n\t\t\t\t\t<a class=\"elementor-icon elementor-social-icon elementor-social-icon-facebook-f elementor-animation-grow elementor-repeater-item-9c86cde\" href=\"https:\/\/www.facebook.com\/\" target=\"_blank\">\n\t\t\t\t\t\t<span class=\"elementor-screen-only\">Facebook-f<\/span>\n\t\t\t\t\t\t<i class=\"fab fa-facebook-f\"><\/i>\t\t\t\t\t<\/a>\n\t\t\t\t<\/span>\n\t\t\t\t\t\t\t<span class=\"elementor-grid-item\">\n\t\t\t\t\t<a class=\"elementor-icon elementor-social-icon elementor-social-icon-twitter elementor-animation-grow elementor-repeater-item-7f0e5c7\" href=\"https:\/\/twitter.com\/home?lang=pt\" target=\"_blank\">\n\t\t\t\t\t\t<span class=\"elementor-screen-only\">Twitter<\/span>\n\t\t\t\t\t\t<i class=\"fab fa-twitter\"><\/i>\t\t\t\t\t<\/a>\n\t\t\t\t<\/span>\n\t\t\t\t\t\t\t<span class=\"elementor-grid-item\">\n\t\t\t\t\t<a class=\"elementor-icon elementor-social-icon elementor-social-icon-instagram elementor-animation-grow elementor-repeater-item-d9a9500\" href=\"https:\/\/www.instagram.com\/?hl=pt\" target=\"_blank\">\n\t\t\t\t\t\t<span class=\"elementor-screen-only\">Instagram<\/span>\n\t\t\t\t\t\t<i class=\"fab fa-instagram\"><\/i>\t\t\t\t\t<\/a>\n\t\t\t\t<\/span>\n\t\t\t\t\t\t\t<span class=\"elementor-grid-item\">\n\t\t\t\t\t<a class=\"elementor-icon elementor-social-icon elementor-social-icon-youtube elementor-animation-grow elementor-repeater-item-75dde21\" href=\"https:\/\/www.youtube.com\/\" target=\"_blank\">\n\t\t\t\t\t\t<span class=\"elementor-screen-only\">Youtube<\/span>\n\t\t\t\t\t\t<i class=\"fab fa-youtube\"><\/i>\t\t\t\t\t<\/a>\n\t\t\t\t<\/span>\n\t\t\t\t\t<\/div>\n\t\t\t\t<\/div>\n\t\t\t\t<\/div>\n\t\t\t\t\t<\/div>\n\t\t<\/div>\n\t\t\t\t\t\t\t<\/div>\n\t\t<\/section>\n\t\t\t\t\t\t<\/div>\n\t\t\t\t\t<\/div>\n\t\t","protected":false},"excerpt":{"rendered":"<p>Patrim\u00f3nio Cultural Pa\u00e7o de Tavarede O Pa\u00e7o de Tavarede \u00e9 o ex-libris da Freguesia. Mandado edificar no s\u00e9culo XVI por Ant\u00f3nio Fernandes de Quadros, 1\u00ba Morgado de Tavarede, um fidalgo de ascend\u00eancia espanhola que prestou servi\u00e7os distintos \u00e0 coroa portuguesa, nomeadamente como Adail de Azamor, a quem foi confirmado por<\/p>\n","protected":false},"author":1,"featured_media":0,"parent":0,"menu_order":0,"comment_status":"closed","ping_status":"closed","template":"","meta":{"footnotes":""},"class_list":["post-821","page","type-page","status-publish","hentry"],"_links":{"self":[{"href":"https:\/\/site.juntatavarede.pt\/index.php?rest_route=\/wp\/v2\/pages\/821","targetHints":{"allow":["GET"]}}],"collection":[{"href":"https:\/\/site.juntatavarede.pt\/index.php?rest_route=\/wp\/v2\/pages"}],"about":[{"href":"https:\/\/site.juntatavarede.pt\/index.php?rest_route=\/wp\/v2\/types\/page"}],"author":[{"embeddable":true,"href":"https:\/\/site.juntatavarede.pt\/index.php?rest_route=\/wp\/v2\/users\/1"}],"replies":[{"embeddable":true,"href":"https:\/\/site.juntatavarede.pt\/index.php?rest_route=%2Fwp%2Fv2%2Fcomments&post=821"}],"version-history":[{"count":19,"href":"https:\/\/site.juntatavarede.pt\/index.php?rest_route=\/wp\/v2\/pages\/821\/revisions"}],"predecessor-version":[{"id":921,"href":"https:\/\/site.juntatavarede.pt\/index.php?rest_route=\/wp\/v2\/pages\/821\/revisions\/921"}],"wp:attachment":[{"href":"https:\/\/site.juntatavarede.pt\/index.php?rest_route=%2Fwp%2Fv2%2Fmedia&parent=821"}],"curies":[{"name":"wp","href":"https:\/\/api.w.org\/{rel}","templated":true}]}}