{"id":898,"date":"2021-08-13T23:49:36","date_gmt":"2021-08-13T23:49:36","guid":{"rendered":"https:\/\/site.juntatavarede.pt\/?page_id=898"},"modified":"2021-08-13T23:52:53","modified_gmt":"2021-08-13T23:52:53","slug":"caracterizacao","status":"publish","type":"page","link":"https:\/\/site.juntatavarede.pt\/?page_id=898","title":{"rendered":"Caracteriza\u00e7\u00e3o"},"content":{"rendered":"\t\t<div data-elementor-type=\"wp-page\" data-elementor-id=\"898\" class=\"elementor elementor-898\" data-elementor-settings=\"[]\">\n\t\t\t\t\t\t\t<div class=\"elementor-section-wrap\">\n\t\t\t\t\t\t\t<section class=\"elementor-section elementor-top-section elementor-element elementor-element-427c7146 elementor-section-content-middle elementor-section-boxed elementor-section-height-default elementor-section-height-default\" data-id=\"427c7146\" data-element_type=\"section\">\n\t\t\t\t\t\t<div class=\"elementor-container elementor-column-gap-no\">\n\t\t\t\t\t<div class=\"elementor-column elementor-col-100 elementor-top-column elementor-element elementor-element-1bd2a8cc\" data-id=\"1bd2a8cc\" data-element_type=\"column\">\n\t\t\t<div class=\"elementor-widget-wrap elementor-element-populated\">\n\t\t\t\t\t\t\t\t<div class=\"elementor-element elementor-element-5ca5db1e elementor-widget elementor-widget-heading\" data-id=\"5ca5db1e\" data-element_type=\"widget\" data-widget_type=\"heading.default\">\n\t\t\t\t<div class=\"elementor-widget-container\">\n\t\t\t<h6 class=\"elementor-heading-title elementor-size-small\">Caracteriza\u00e7\u00e3o<\/h6>\t\t<\/div>\n\t\t\t\t<\/div>\n\t\t\t\t\t<\/div>\n\t\t<\/div>\n\t\t\t\t\t\t\t<\/div>\n\t\t<\/section>\n\t\t\t\t<section class=\"elementor-section elementor-top-section elementor-element elementor-element-6ce64e47 elementor-section-boxed elementor-section-height-default elementor-section-height-default\" data-id=\"6ce64e47\" data-element_type=\"section\">\n\t\t\t\t\t\t<div class=\"elementor-container elementor-column-gap-default\">\n\t\t\t\t\t<div class=\"elementor-column elementor-col-100 elementor-top-column elementor-element elementor-element-33b0ef70\" data-id=\"33b0ef70\" data-element_type=\"column\">\n\t\t\t<div class=\"elementor-widget-wrap elementor-element-populated\">\n\t\t\t\t\t\t\t\t<div class=\"elementor-element elementor-element-2dbcd1cc elementor-widget elementor-widget-heading\" data-id=\"2dbcd1cc\" data-element_type=\"widget\" data-widget_type=\"heading.default\">\n\t\t\t\t<div class=\"elementor-widget-container\">\n\t\t\t<h2 class=\"elementor-heading-title elementor-size-default\">Caracteriza\u00e7\u00e3o geogr\u00e1fica, f\u00edsica e socioecon\u00f3mica<\/h2>\t\t<\/div>\n\t\t\t\t<\/div>\n\t\t\t\t<div class=\"elementor-element elementor-element-2e62c5e elementor-widget elementor-widget-text-editor\" data-id=\"2e62c5e\" data-element_type=\"widget\" data-widget_type=\"text-editor.default\">\n\t\t\t\t<div class=\"elementor-widget-container\">\n\t\t\t\t\t\t\t<p>A Freguesia de Tavarede est\u00e1 localizada no Centro do Concelho da Figueira da Foz, no distrito de Coimbra, de cuja sede concelhia dista cerca de 3 kms. Tem como Freguesias fronteiri\u00e7as Brenha a Norte; Alhadas e Vila Verde a Nascente, S. Juli\u00e3o e Buarcos a Sul e a Poente.<\/p><p>Com uma \u00e1rea de cerca de 12 kms2, Tavarede \u00e9 constitu\u00edda pelos seguintes lugares: Condados, V\u00e1rzea, Vila Robim, Alto S. Jo\u00e3o, Quinta da Esperan\u00e7a, Quinta do Pa\u00e7o, Senhor do Areeiro, Azenhas, Pijeiros, Casal da Robala, Saltadouro, Ferrugenta, Broeiras, Mati\u00f4a, Ch\u00e3, Casal da Areia, Caceira, Carritos e Vergieira.<\/p><p>\u201cTavarede est\u00e1 situada no fundo da bacia em um vale profundo, apenas a quatro metros acima do n\u00edvel do mar, na direc\u00e7\u00e3o do poente ao nascente at\u00e9 \u00e1 Cumieira, a serra da Boa Viagem.\u00a0\u00a0\u00a0\u00a0\u00a0\u00a0\u00a0<\/p><p>Duas ramifica\u00e7\u00f5es desta serra partem \u2013 uma do ponto da povoa\u00e7\u00e3o da serra, prolongando-se pelos Condados para o sul, at\u00e9 chegar ao lugar do Senhor do Areeiro a 600 metros ao poente de Tavarede, onde termina o horizonte dessa povoa\u00e7\u00e3o por este lado; &#8211; outra, partindo da mesma serra e na direc\u00e7\u00e3o de Cabanas, estende-se pelo Saltadouro, Prazo, Ara\u00fajo, Casal da Robala, e principiando a deprimir-se neste ultimo ponto acaba na margem do Mondego, junto dos estaleiros.\u00a0<\/p><p>Um outro monte principia a elevar-se junto do lugar do Senhor do Areeiro, continuando a ramifica\u00e7\u00e3o da serra perdida naquele ponto. A partir dali, o monte continua por alguma dist\u00e2ncia e divide-se depois em tr\u00eas partes: uma que segue para o sudoeste, e \u00e9 aquela em que assenta a nossa igreja matriz; a outra, paralela a esta, \u00e9 a base da Rua da Lomba; a terceira, crescendo do pinhal para o sueste, assenta nela o casal da Lapa, indo depois perder o nome junto dos estaleiros.\u00a0\u00a0\u00a0\u00a0\u00a0\u00a0\u00a0\u00a0\u00a0\u00a0\u00a0\u00a0<\/p><p>A bacia em que assenta Tavarede, emoldurada do norte, nascente e poente, pelos montes que designei, \u00e9 aberta ao sul do lado onde passa o Mondego, a dois quil\u00f3metros abaixo daquela povoa\u00e7\u00e3o. Tem de comprimento, do norte a sul 2.500 metros, e de largura 70, sendo atravessada longitudinalmente por um ribeiro que recebe as \u00e1guas das vertentes da Serra da Boa Viagem e do Saltadouro, e, passado \u00e0 extremidade do lado nascente de Tavarede, deslizando pela plan\u00edcie abaixo, vai pela fonte da V\u00e1rzea a desaguar no Mondego. No decurso do trajecto do ribeiro est\u00e3o montadas tr\u00eas azenhas. A bacia, \u00e9 em grande parte destitu\u00edda de terreno pr\u00f3prio para ser agricultado, a parte mais pr\u00f3xima do rio \u00e9 ocupada por marinhas de sal, cujas propriedades pertencem a indiv\u00edduos desta vila e ter\u00e1 uma \u00e1rea de 150.000m.q. Segue-se-lhe para norte quase outro tanto de superf\u00edcie de terreno em parte apa\u00falado e abandonado a pousio e \u00e0 espont\u00e2nea vegeta\u00e7\u00e3o de juncaes. Mais para cima, &#8211; talvez n\u00e3o erre a estima \u2013 um ter\u00e7o da superf\u00edcie total da bacia que envolve Tavarede serve de cultivo de cereais e produtos hortenses, mas em t\u00e3o pequena quantidade que mal compensa o trabalho do lavrador, tanto que, os propriet\u00e1rios, na maior parte da Figueira, t\u00eam preferido trazer arrendadas essas terras a cultiva-las por conta. Os rendeiros, n\u00e3o obstante, correr por suas m\u00e3os todo o servi\u00e7o do cultivo, tiram bem magros recursos desse trabalho e tanto que uma grande parte deles, n\u00e3o podendo viver unicamente destes proventos, vem aqui empregar-se quase todo o ano, prestando os seus servi\u00e7os bra\u00e7ais nos armaz\u00e9ns de vinhos, como carreiros, ou em outros misteres.<\/p><p>Quase toda aquela plan\u00edcie possui para esta Vila um magnifico caminho a macadame, que, partindo da proximidade da quinta do Dr. Borges, a quatrocentos metros abaixo de Tavarede, vem para o sul, em volta, a encontrar a fonte da V\u00e1rzea, e para diante daqui sobe a um alto onde se bifurca para o sul a encontrar a extremidade desta vila pelo lado do Mato, e para poente vem encostado ao cemit\u00e9rio, a sair ao pinhal (a quinta do Dr. Borges foi herdada por seu sobrinho senhor Robim Borges, da\u00ed vindo, posteriormente, o nome de \u201cVila do Robim\u201d).<\/p><p>Desde os seus princ\u00edpios, Tavarede tem sido uma terra vocacionada para a agricultura, bem como nos tempos anteriores \u00e0 monarquia j\u00e1 existiam marinhas de sal em Tavarede.<\/p><p>Tamb\u00e9m a laranja de Tavarede teve fama, no s\u00e9culo XVII, chegou a ser exportada para Roma, onde nunca ter\u00e3o visto fruta t\u00e3o saborosa.<\/p><p>No ano de 1489, o cabido da S\u00e9 de Coimbra incentiva a vida econ\u00f3mica do Couto de Tavarede e, para o efeito, facilita a ind\u00fastria artesanal de cer\u00e2mica, permitindo a Afonso Pires, ferreiro, morador em Tavarede, que na sua casa construa um forno de cozer lou\u00e7a.<\/p><p>Os carreiros foi uma das profiss\u00f5es que mais tradi\u00e7\u00e3o deixou em Tavarede. Embora n\u00e3o fosse exclusivo de uma s\u00f3 fam\u00edlia, tiveram grande fama, e durante muitas dezenas de anos, aqueles que ficaram conhecidos pelos \u201cToquins\u201d desempenharam todas as fun\u00e7\u00f5es com as suas juntas de bois, lavravam a terra e faziam o transporte de todos os materiais necess\u00e1rios.<\/p><p>Com as transforma\u00e7\u00f5es que nos \u00faltimos anos levaram \u00e1 urbaniza\u00e7\u00e3o de grande parte da freguesia assistiu-se \u00e1 altera\u00e7\u00e3o do tecido econ\u00f3mico passando a ser essencialmente de \u00edndole comercial e de servi\u00e7os tamb\u00e9m devido \u00e1 facilidade de desloca\u00e7\u00e3o que se ficou a dever \u00e1s novas vias de comunica\u00e7\u00e3o que atravessam a Freguesia.<\/p>\t\t\t\t\t\t<\/div>\n\t\t\t\t<\/div>\n\t\t\t\t<div class=\"elementor-element elementor-element-54d34268 elementor-widget elementor-widget-heading\" data-id=\"54d34268\" data-element_type=\"widget\" data-widget_type=\"heading.default\">\n\t\t\t\t<div class=\"elementor-widget-container\">\n\t\t\t<h2 class=\"elementor-heading-title elementor-size-default\">Demografia<\/h2>\t\t<\/div>\n\t\t\t\t<\/div>\n\t\t\t\t<div class=\"elementor-element elementor-element-1cfb639 elementor-widget elementor-widget-text-editor\" data-id=\"1cfb639\" data-element_type=\"widget\" data-widget_type=\"text-editor.default\">\n\t\t\t\t<div class=\"elementor-widget-container\">\n\t\t\t\t\t\t\t<p>Segundo os CENSOS de 2021, a Freguesia de Tavarede possui 10.047 residentes e 8.858 eleitores recenseados.<\/p>\t\t\t\t\t\t<\/div>\n\t\t\t\t<\/div>\n\t\t\t\t\t<\/div>\n\t\t<\/div>\n\t\t\t\t\t\t\t<\/div>\n\t\t<\/section>\n\t\t\t\t<section class=\"elementor-section elementor-top-section elementor-element elementor-element-446e341c elementor-section-boxed elementor-section-height-default elementor-section-height-default\" data-id=\"446e341c\" data-element_type=\"section\">\n\t\t\t\t\t\t<div class=\"elementor-container elementor-column-gap-default\">\n\t\t\t\t\t<div class=\"elementor-column elementor-col-100 elementor-top-column elementor-element elementor-element-1e8d1e64\" data-id=\"1e8d1e64\" data-element_type=\"column\">\n\t\t\t<div class=\"elementor-widget-wrap elementor-element-populated\">\n\t\t\t\t\t\t\t\t<div class=\"elementor-element elementor-element-393273e6 elementor-widget elementor-widget-spacer\" data-id=\"393273e6\" data-element_type=\"widget\" data-widget_type=\"spacer.default\">\n\t\t\t\t<div class=\"elementor-widget-container\">\n\t\t\t\t\t<div class=\"elementor-spacer\">\n\t\t\t<div class=\"elementor-spacer-inner\"><\/div>\n\t\t<\/div>\n\t\t\t\t<\/div>\n\t\t\t\t<\/div>\n\t\t\t\t\t<\/div>\n\t\t<\/div>\n\t\t\t\t\t\t\t<\/div>\n\t\t<\/section>\n\t\t\t\t<section class=\"elementor-section elementor-top-section elementor-element elementor-element-dae280b elementor-section-stretched elementor-section-boxed elementor-section-height-default elementor-section-height-default\" data-id=\"dae280b\" data-element_type=\"section\" data-settings=\"{&quot;background_background&quot;:&quot;classic&quot;,&quot;stretch_section&quot;:&quot;section-stretched&quot;,&quot;background_motion_fx_motion_fx_scrolling&quot;:&quot;yes&quot;,&quot;background_motion_fx_scale_effect&quot;:&quot;yes&quot;,&quot;background_motion_fx_scale_direction&quot;:&quot;out-in&quot;,&quot;background_motion_fx_scale_speed&quot;:{&quot;unit&quot;:&quot;px&quot;,&quot;size&quot;:4,&quot;sizes&quot;:[]},&quot;background_motion_fx_scale_range&quot;:{&quot;unit&quot;:&quot;%&quot;,&quot;size&quot;:&quot;&quot;,&quot;sizes&quot;:{&quot;start&quot;:20,&quot;end&quot;:80}},&quot;background_motion_fx_devices&quot;:[&quot;desktop&quot;,&quot;tablet&quot;,&quot;mobile&quot;]}\">\n\t\t\t\t\t\t<div class=\"elementor-container elementor-column-gap-no\">\n\t\t\t\t\t<div class=\"elementor-column elementor-col-100 elementor-top-column elementor-element elementor-element-1e8b8ea8\" data-id=\"1e8b8ea8\" data-element_type=\"column\">\n\t\t\t<div class=\"elementor-widget-wrap elementor-element-populated\">\n\t\t\t\t\t\t\t\t<div class=\"elementor-element elementor-element-d054684 elementor-widget elementor-widget-heading\" data-id=\"d054684\" data-element_type=\"widget\" data-widget_type=\"heading.default\">\n\t\t\t\t<div class=\"elementor-widget-container\">\n\t\t\t<h1 class=\"elementor-heading-title elementor-size-default\">Onde estamos<\/h1>\t\t<\/div>\n\t\t\t\t<\/div>\n\t\t\t\t<div class=\"elementor-element elementor-element-24f02c3b elementor-widget elementor-widget-google_maps\" data-id=\"24f02c3b\" data-element_type=\"widget\" data-widget_type=\"google_maps.default\">\n\t\t\t\t<div class=\"elementor-widget-container\">\n\t\t\t\t\t<div class=\"elementor-custom-embed\">\n\t\t\t<iframe frameborder=\"0\" scrolling=\"no\" marginheight=\"0\" marginwidth=\"0\"\n\t\t\t\t\tsrc=\"https:\/\/maps.google.com\/maps?q=%20Junta%20de%20Freguesia%20de%20Tavarede%20Rua%20Jos%C3%A9%20Nunes%20Medina%2C22%20Tavarede%203080-846%20Figueira%20da%20Foz&#038;t=m&#038;z=18&#038;output=embed&#038;iwloc=near\"\n\t\t\t\t\ttitle=\" Junta de Freguesia de Tavarede Rua Jos\u00e9 Nunes Medina,22 Tavarede 3080-846 Figueira da Foz\"\n\t\t\t\t\taria-label=\" Junta de Freguesia de Tavarede Rua Jos\u00e9 Nunes Medina,22 Tavarede 3080-846 Figueira da Foz\"\n\t\t\t><\/iframe>\n\t\t<\/div>\n\t\t\t\t<\/div>\n\t\t\t\t<\/div>\n\t\t\t\t<section class=\"elementor-section elementor-inner-section elementor-element elementor-element-79175a6 elementor-section-content-middle elementor-section-boxed elementor-section-height-default elementor-section-height-default\" data-id=\"79175a6\" data-element_type=\"section\">\n\t\t\t\t\t\t<div class=\"elementor-container elementor-column-gap-no\">\n\t\t\t\t\t<div class=\"elementor-column elementor-col-33 elementor-inner-column elementor-element elementor-element-1a7612c2\" data-id=\"1a7612c2\" data-element_type=\"column\">\n\t\t\t<div class=\"elementor-widget-wrap elementor-element-populated\">\n\t\t\t\t\t\t\t\t<div class=\"elementor-element elementor-element-7b74d255 elementor-widget elementor-widget-heading\" data-id=\"7b74d255\" data-element_type=\"widget\" data-widget_type=\"heading.default\">\n\t\t\t\t<div class=\"elementor-widget-container\">\n\t\t\t<h6 class=\"elementor-heading-title elementor-size-default\">Localiza\u00e7\u00e3o<\/h6>\t\t<\/div>\n\t\t\t\t<\/div>\n\t\t\t\t<div class=\"elementor-element elementor-element-3b3e29a3 elementor-widget elementor-widget-text-editor\" data-id=\"3b3e29a3\" data-element_type=\"widget\" data-widget_type=\"text-editor.default\">\n\t\t\t\t<div class=\"elementor-widget-container\">\n\t\t\t\t\t\t\t<p><span style=\"color: #ccffff;\">Rua Jos\u00e9 Nunes Medina,22<\/span><\/p><p><span style=\"color: #ccffff;\">Tavarede<\/span><\/p><p><span style=\"color: #ccffff;\">3080-846 Figueira da Foz<\/span><\/p>\t\t\t\t\t\t<\/div>\n\t\t\t\t<\/div>\n\t\t\t\t\t<\/div>\n\t\t<\/div>\n\t\t\t\t<div class=\"elementor-column elementor-col-33 elementor-inner-column elementor-element elementor-element-2c014880\" data-id=\"2c014880\" data-element_type=\"column\">\n\t\t\t<div class=\"elementor-widget-wrap elementor-element-populated\">\n\t\t\t\t\t\t\t\t<div class=\"elementor-element elementor-element-ef4f53e elementor-widget elementor-widget-heading\" data-id=\"ef4f53e\" data-element_type=\"widget\" data-widget_type=\"heading.default\">\n\t\t\t\t<div class=\"elementor-widget-container\">\n\t\t\t<h6 class=\"elementor-heading-title elementor-size-default\">Hor\u00e1rio<\/h6>\t\t<\/div>\n\t\t\t\t<\/div>\n\t\t\t\t<div class=\"elementor-element elementor-element-7b193f7b elementor-widget elementor-widget-text-editor\" data-id=\"7b193f7b\" data-element_type=\"widget\" data-widget_type=\"text-editor.default\">\n\t\t\t\t<div class=\"elementor-widget-container\">\n\t\t\t\t\t\t\t<p><span style=\"color: #ccffff;\">Segunda a Sexta<\/span><\/p><p><span style=\"color: #ccffff;\">9H00 &#8211; 12h30 <\/span><\/p><p><span style=\"color: #ccffff;\">14H00 &#8211; 17H30<\/span><\/p>\t\t\t\t\t\t<\/div>\n\t\t\t\t<\/div>\n\t\t\t\t\t<\/div>\n\t\t<\/div>\n\t\t\t\t<div class=\"elementor-column elementor-col-33 elementor-inner-column elementor-element elementor-element-460516b1\" data-id=\"460516b1\" data-element_type=\"column\">\n\t\t\t<div class=\"elementor-widget-wrap elementor-element-populated\">\n\t\t\t\t\t\t\t\t<div class=\"elementor-element elementor-element-2e701605 elementor-widget elementor-widget-heading\" data-id=\"2e701605\" data-element_type=\"widget\" data-widget_type=\"heading.default\">\n\t\t\t\t<div class=\"elementor-widget-container\">\n\t\t\t<h6 class=\"elementor-heading-title elementor-size-default\">Contactos<\/h6>\t\t<\/div>\n\t\t\t\t<\/div>\n\t\t\t\t<div class=\"elementor-element elementor-element-698062ea elementor-widget elementor-widget-text-editor\" data-id=\"698062ea\" data-element_type=\"widget\" data-widget_type=\"text-editor.default\">\n\t\t\t\t<div class=\"elementor-widget-container\">\n\t\t\t\t\t\t\t<p><span style=\"color: #ccffff;\">Tel: 233 401 400<\/span><br><span style=\"color: #ccffff;\">Fax: 233&nbsp;401&nbsp;402<\/span><br><span style=\"color: #ccffff;\">Email: <a style=\"color: #ccffff;\" href=\"mailto:geral@juntatavarede.pt\">geral@juntatavarede.pt<\/a><\/span><\/p>\t\t\t\t\t\t<\/div>\n\t\t\t\t<\/div>\n\t\t\t\t\t<\/div>\n\t\t<\/div>\n\t\t\t\t\t\t\t<\/div>\n\t\t<\/section>\n\t\t\t\t<div class=\"elementor-element elementor-element-1cd8baa elementor-shape-rounded elementor-grid-0 e-grid-align-center elementor-widget elementor-widget-social-icons\" data-id=\"1cd8baa\" data-element_type=\"widget\" data-widget_type=\"social-icons.default\">\n\t\t\t\t<div class=\"elementor-widget-container\">\n\t\t\t\t\t<div class=\"elementor-social-icons-wrapper elementor-grid\">\n\t\t\t\t\t\t\t<span class=\"elementor-grid-item\">\n\t\t\t\t\t<a class=\"elementor-icon elementor-social-icon elementor-social-icon-facebook-f elementor-animation-grow elementor-repeater-item-9c86cde\" href=\"https:\/\/www.facebook.com\/\" target=\"_blank\">\n\t\t\t\t\t\t<span class=\"elementor-screen-only\">Facebook-f<\/span>\n\t\t\t\t\t\t<i class=\"fab fa-facebook-f\"><\/i>\t\t\t\t\t<\/a>\n\t\t\t\t<\/span>\n\t\t\t\t\t\t\t<span class=\"elementor-grid-item\">\n\t\t\t\t\t<a class=\"elementor-icon elementor-social-icon elementor-social-icon-twitter elementor-animation-grow elementor-repeater-item-7f0e5c7\" href=\"https:\/\/twitter.com\/home?lang=pt\" target=\"_blank\">\n\t\t\t\t\t\t<span class=\"elementor-screen-only\">Twitter<\/span>\n\t\t\t\t\t\t<i class=\"fab fa-twitter\"><\/i>\t\t\t\t\t<\/a>\n\t\t\t\t<\/span>\n\t\t\t\t\t\t\t<span class=\"elementor-grid-item\">\n\t\t\t\t\t<a class=\"elementor-icon elementor-social-icon elementor-social-icon-instagram elementor-animation-grow elementor-repeater-item-d9a9500\" href=\"https:\/\/www.instagram.com\/?hl=pt\" target=\"_blank\">\n\t\t\t\t\t\t<span class=\"elementor-screen-only\">Instagram<\/span>\n\t\t\t\t\t\t<i class=\"fab fa-instagram\"><\/i>\t\t\t\t\t<\/a>\n\t\t\t\t<\/span>\n\t\t\t\t\t\t\t<span class=\"elementor-grid-item\">\n\t\t\t\t\t<a class=\"elementor-icon elementor-social-icon elementor-social-icon-youtube elementor-animation-grow elementor-repeater-item-75dde21\" href=\"https:\/\/www.youtube.com\/\" target=\"_blank\">\n\t\t\t\t\t\t<span class=\"elementor-screen-only\">Youtube<\/span>\n\t\t\t\t\t\t<i class=\"fab fa-youtube\"><\/i>\t\t\t\t\t<\/a>\n\t\t\t\t<\/span>\n\t\t\t\t\t<\/div>\n\t\t\t\t<\/div>\n\t\t\t\t<\/div>\n\t\t\t\t\t<\/div>\n\t\t<\/div>\n\t\t\t\t\t\t\t<\/div>\n\t\t<\/section>\n\t\t\t\t\t\t<\/div>\n\t\t\t\t\t<\/div>\n\t\t","protected":false},"excerpt":{"rendered":"<p>Caracteriza\u00e7\u00e3o Caracteriza\u00e7\u00e3o geogr\u00e1fica, f\u00edsica e socioecon\u00f3mica A Freguesia de Tavarede est\u00e1 localizada no Centro do Concelho da Figueira da Foz, no distrito de Coimbra, de cuja sede concelhia dista cerca de 3 kms. Tem como Freguesias fronteiri\u00e7as Brenha a Norte; Alhadas e Vila Verde a Nascente, S. Juli\u00e3o e Buarcos<\/p>\n","protected":false},"author":1,"featured_media":0,"parent":0,"menu_order":0,"comment_status":"closed","ping_status":"closed","template":"","meta":{"footnotes":""},"class_list":["post-898","page","type-page","status-publish","hentry"],"_links":{"self":[{"href":"https:\/\/site.juntatavarede.pt\/index.php?rest_route=\/wp\/v2\/pages\/898","targetHints":{"allow":["GET"]}}],"collection":[{"href":"https:\/\/site.juntatavarede.pt\/index.php?rest_route=\/wp\/v2\/pages"}],"about":[{"href":"https:\/\/site.juntatavarede.pt\/index.php?rest_route=\/wp\/v2\/types\/page"}],"author":[{"embeddable":true,"href":"https:\/\/site.juntatavarede.pt\/index.php?rest_route=\/wp\/v2\/users\/1"}],"replies":[{"embeddable":true,"href":"https:\/\/site.juntatavarede.pt\/index.php?rest_route=%2Fwp%2Fv2%2Fcomments&post=898"}],"version-history":[{"count":7,"href":"https:\/\/site.juntatavarede.pt\/index.php?rest_route=\/wp\/v2\/pages\/898\/revisions"}],"predecessor-version":[{"id":905,"href":"https:\/\/site.juntatavarede.pt\/index.php?rest_route=\/wp\/v2\/pages\/898\/revisions\/905"}],"wp:attachment":[{"href":"https:\/\/site.juntatavarede.pt\/index.php?rest_route=%2Fwp%2Fv2%2Fmedia&parent=898"}],"curies":[{"name":"wp","href":"https:\/\/api.w.org\/{rel}","templated":true}]}}